{"id":15,"date":"2018-07-05T11:18:54","date_gmt":"2018-07-05T11:18:54","guid":{"rendered":"http:\/\/unser-mittagstisch.com\/?page_id=15"},"modified":"2018-07-06T12:38:46","modified_gmt":"2018-07-06T10:38:46","slug":"wir-ueber-uns","status":"publish","type":"page","link":"https:\/\/unser-mittagstisch.com\/?page_id=15","title":{"rendered":"Wir \u00fcber uns"},"content":{"rendered":"<div><span style=\"font-family: 'comic sans ms', sans-serif;\">Seit 5 Jahren gibt es &#8222;Unser Mittagstisch&#8220; in Neum\u00fcnster.<\/span><\/div>\n<div><span style=\"font-family: 'comic sans ms', sans-serif; color: #ffffff;\">.<\/span><\/div>\n<div><span style=\"font-family: 'comic sans ms', sans-serif;\">Wir haben uns es zur Aufgabe gemacht, leckere Hausmannskost f\u00fcr einen g\u00fcnstigen Preis zu liefern.<\/span><\/div>\n<div><span style=\"color: #ffffff;\">.<\/span><\/div>\n<div><span style=\"font-family: 'comic sans ms', sans-serif;\">Unser Mittagstisch liefert frisch gekochte Gerichte genussfertig direkt auf den Tisch.<\/span><\/div>\n<div><span style=\"color: #ffffff;\">.<\/span><\/div>\n<div><span style=\"font-family: 'comic sans ms', sans-serif;\">Ob in der Kita, Schule, am Arbeitsplatz oder Zuhause &#8211; \u00fcberall liefern wir unsere leckeren Gerichte p\u00fcnktlich und verzehrfertig an.<\/span><\/div>\n<div><span style=\"color: #ffffff;\">.<\/span><\/div>\n<div><span style=\"font-family: 'comic sans ms', sans-serif;\">Dabei legen wir gr\u00f6\u00dften Wert auf Qualit\u00e4t unserer Produkte und Dienstleistungen.<\/span><\/div>\n<div><span style=\"color: #ffffff;\">.<\/span><\/div>\n<div><span style=\"font-family: 'comic sans ms', sans-serif;\">Unser Motto: Lecker &amp; Bequem.<\/span><\/div>\n","protected":false},"excerpt":{"rendered":"<p>Seit 5 Jahren gibt es &#8222;Unser Mittagstisch&#8220; in Neum\u00fcnster. . Wir haben uns es zur Aufgabe gemacht, leckere Hausmannskost f\u00fcr einen g\u00fcnstigen Preis zu liefern. . Unser Mittagstisch liefert frisch gekochte Gerichte genussfertig direkt auf den Tisch. . Ob in der Kita, Schule, am Arbeitsplatz oder Zuhause &#8211; \u00fcberall liefern wir unsere leckeren Gerichte p\u00fcnktlich und verzehrfertig an. . Dabei [&hellip;]<\/p>\n","protected":false},"author":1,"featured_media":0,"parent":0,"menu_order":0,"comment_status":"closed","ping_status":"closed","template":"page-template\/_fullwidth.php","meta":{"footnotes":""},"class_list":["post-15","page","type-page","status-publish","hentry"],"_links":{"self":[{"href":"https:\/\/unser-mittagstisch.com\/index.php?rest_route=\/wp\/v2\/pages\/15","targetHints":{"allow":["GET"]}}],"collection":[{"href":"https:\/\/unser-mittagstisch.com\/index.php?rest_route=\/wp\/v2\/pages"}],"about":[{"href":"https:\/\/unser-mittagstisch.com\/index.php?rest_route=\/wp\/v2\/types\/page"}],"author":[{"embeddable":true,"href":"https:\/\/unser-mittagstisch.com\/index.php?rest_route=\/wp\/v2\/users\/1"}],"replies":[{"embeddable":true,"href":"https:\/\/unser-mittagstisch.com\/index.php?rest_route=%2Fwp%2Fv2%2Fcomments&post=15"}],"version-history":[{"count":10,"href":"https:\/\/unser-mittagstisch.com\/index.php?rest_route=\/wp\/v2\/pages\/15\/revisions"}],"predecessor-version":[{"id":100,"href":"https:\/\/unser-mittagstisch.com\/index.php?rest_route=\/wp\/v2\/pages\/15\/revisions\/100"}],"wp:attachment":[{"href":"https:\/\/unser-mittagstisch.com\/index.php?rest_route=%2Fwp%2Fv2%2Fmedia&parent=15"}],"curies":[{"name":"wp","href":"https:\/\/api.w.org\/{rel}","templated":true}]}}