{"id":2,"date":"2016-05-10T03:48:21","date_gmt":"2016-05-10T03:48:21","guid":{"rendered":"http:\/\/unser-mittagstisch.com\/?page_id=2"},"modified":"2025-07-20T11:54:14","modified_gmt":"2025-07-20T09:54:14","slug":"sample-page","status":"publish","type":"page","link":"https:\/\/unser-mittagstisch.com\/","title":{"rendered":"Willkommen bei Unser Mittagstisch"},"content":{"rendered":"<p style=\"text-align: center;\"><span style=\"color: #000000;\">Seit 13 Jahren gibt es \u201eUnser Mittagstisch\u201c in Neum\u00fcnster.<\/span><br \/>\n<span style=\"color: #000000;\">Wir haben uns es zur Aufgabe gemacht, leckere Hausmannskost f\u00fcr einen g\u00fcnstigen Preis zu liefern.<\/span><br \/>\n<span style=\"color: #000000;\">Unser Mittagstisch liefert frisch zubereitete Gerichte genussfertig direkt auf den Tisch.<\/span><br \/>\n<span style=\"color: #000000;\">Ob in der Kita, Schule, am Arbeitsplatz oder Zuhause \u2013 \u00fcberall liefern wir unsere leckeren Gerichte p\u00fcnktlich und verzehrfertig an.<\/span><br \/>\n<span style=\"color: #000000;\">Dabei legen wir gr\u00f6\u00dften Wert auf Qualit\u00e4t unserer Produkte und Dienstleistungen.<\/span><\/p>\n<p style=\"text-align: center;\"><strong><span style=\"color: #000000;\">Unser Motto: Lecker &amp; Bequem.<\/span><\/strong><\/p>\n<p style=\"text-align: center;\"><span style=\"color: #000000;\">Bereits ab einer Portion liefern wir frei Haus.<\/span><br \/>\n<span style=\"color: #000000;\">Liefergebiet: Neum\u00fcnster und Umgebung<\/span><\/p>\n<h4 style=\"text-align: center;\"><span style=\"font-size: 20px;\"><strong>Laden\u00f6ffnungszeit: t\u00e4glich von 09:30 &#8211; 13:30 Uhr<\/strong><\/span><\/h4>\n<h4 style=\"text-align: center;\"><span style=\"font-size: 20px;\"><strong>Bestellungen bis sp\u00e4testens 09:30 Uhr<\/strong><\/span><\/h4>\n<h4 style=\"text-align: center;\"><span style=\"font-size: 20px;\"><strong><span style=\"color: #000000;\">Unsere Lieferzeiten: t\u00e4glich von 10:30 \u2013 13:30 Uhr<\/span><\/strong><\/span><\/h4>\n<h4 style=\"text-align: center;\"><span style=\"font-size: 20px;\"><strong>Direkte Mitnahme der Gerichte im Ladengesch\u00e4ft<br \/>\nvon 10:30 &#8211; 13:30 Uhr<\/strong><\/span><\/h4>\n<p>&nbsp;<\/p>\n<p style=\"text-align: center;\">Eine Liste der Allergene und Zusatzstoffe finden Sie <strong><span style=\"text-decoration: underline;\"><span style=\"font-size: 20px;\"><a href=\"https:\/\/unser-mittagstisch.com\/?page_id=4025\">H I E R<\/a><\/span><\/span><\/strong><\/p>\n<p style=\"text-align: center;\"><span style=\"color: #e5e5e5;\">.<\/span><\/p>\n<p style=\"text-align: center;\"><span style=\"color: #000000;\"><strong><span style=\"font-size: 14pt;\">Unseren aktuellen Mittagstisch finden Sie <\/span><\/strong><\/span><span style=\"color: #003366;\"><strong><a href=\"http:\/\/unser-mittagstisch.com\/?page_id=17\"><span style=\"text-decoration: underline;\"><span style=\"font-size: 14pt;\"><span style=\"color: #333399; text-decoration: underline;\"><span style=\"color: #003366; text-decoration: underline;\"><span style=\"color: #008000; text-decoration: underline;\"><span style=\"color: #bb0000; text-decoration: underline;\">H I E R<\/span><\/span><\/span><\/span><\/span><\/span><\/a><\/strong><\/span><\/p>\n<p style=\"text-align: center;\"><span style=\"color: #000000;\"><span style=\"font-size: 14pt;\">Bestellen Sie ganz bequem online<\/span><\/span><\/p>\n<p style=\"text-align: center;\"><span style=\"color: #000000;\">Sie erreichen uns auch telefonisch unter 04321-563 12 89<\/span><\/p>\n","protected":false},"excerpt":{"rendered":"<p>Seit 13 Jahren gibt es \u201eUnser Mittagstisch\u201c in Neum\u00fcnster. Wir haben uns es zur Aufgabe gemacht, leckere Hausmannskost f\u00fcr einen g\u00fcnstigen Preis zu liefern. Unser Mittagstisch liefert frisch zubereitete Gerichte genussfertig direkt auf den Tisch. Ob in der Kita, Schule, am Arbeitsplatz oder Zuhause \u2013 \u00fcberall liefern wir unsere leckeren Gerichte p\u00fcnktlich und verzehrfertig an. Dabei legen wir gr\u00f6\u00dften Wert [&hellip;]<\/p>\n","protected":false},"author":1,"featured_media":0,"parent":0,"menu_order":0,"comment_status":"closed","ping_status":"open","template":"","meta":{"footnotes":""},"class_list":["post-2","page","type-page","status-publish","hentry"],"_links":{"self":[{"href":"https:\/\/unser-mittagstisch.com\/index.php?rest_route=\/wp\/v2\/pages\/2","targetHints":{"allow":["GET"]}}],"collection":[{"href":"https:\/\/unser-mittagstisch.com\/index.php?rest_route=\/wp\/v2\/pages"}],"about":[{"href":"https:\/\/unser-mittagstisch.com\/index.php?rest_route=\/wp\/v2\/types\/page"}],"author":[{"embeddable":true,"href":"https:\/\/unser-mittagstisch.com\/index.php?rest_route=\/wp\/v2\/users\/1"}],"replies":[{"embeddable":true,"href":"https:\/\/unser-mittagstisch.com\/index.php?rest_route=%2Fwp%2Fv2%2Fcomments&post=2"}],"version-history":[{"count":91,"href":"https:\/\/unser-mittagstisch.com\/index.php?rest_route=\/wp\/v2\/pages\/2\/revisions"}],"predecessor-version":[{"id":4792,"href":"https:\/\/unser-mittagstisch.com\/index.php?rest_route=\/wp\/v2\/pages\/2\/revisions\/4792"}],"wp:attachment":[{"href":"https:\/\/unser-mittagstisch.com\/index.php?rest_route=%2Fwp%2Fv2%2Fmedia&parent=2"}],"curies":[{"name":"wp","href":"https:\/\/api.w.org\/{rel}","templated":true}]}}