{"id":1395,"date":"1970-01-01T07:00:51","date_gmt":"1970-01-01T06:00:51","guid":{"rendered":"https:\/\/unser-mittagstisch.com\/?post_type=product&#038;p=1395"},"modified":"2026-03-13T09:54:38","modified_gmt":"2026-03-13T08:54:38","slug":"stammessen-13-17-01-bauernfruehstueck-mit-schinkelwuerfel-s-und-gurke","status":"publish","type":"product","link":"https:\/\/unser-mittagstisch.com\/?product=stammessen-13-17-01-bauernfruehstueck-mit-schinkelwuerfel-s-und-gurke","title":{"rendered":"Stammessen 2.-6.3. Bauernfr\u00fchst\u00fcck (S) mit Gew\u00fcrzgurke <span class=\"soon\">(Bald wieder erh\u00e4ltlich)<\/span>"},"content":{"rendered":"<p>&nbsp;<\/p>\n<p><span style=\"font-size: 14pt; color: #e5e5e5;\">Unser Mittagstisch am Donnerstag, 30.05.2019:<\/span><\/p>\n<p>&nbsp;<\/p>\n<p><span style=\"color: #bb0000;\"><em><strong><span style=\"font-family: 'book antiqua', palatino, serif; font-size: 18pt;\">Bauernfr\u00fchst\u00fcck (S) mit Gew\u00fcrzgurke <span style=\"font-size: 14px;\">G,15<\/span><\/span><\/strong><\/em><\/span><\/p>\n<p><span style=\"color: #bb0000;\">Bitte w\u00e4hlen sie oben den entsprechenden Wochentag aus<\/span><\/p>\n<p>&nbsp;<\/p>\n<p><strong>Unser Motto: Lecker &amp; Bequem.<\/strong><\/p>\n<p>&nbsp;<\/p>\n<p>Bereits ab einer Portion liefern wir frei Haus.<\/p>\n<p>&nbsp;<\/p>\n<p>Liefergebiet: Neum\u00fcnster und Umgebung<\/p>\n<p>&nbsp;<\/p>\n<p><strong>Bestellungen bis sp\u00e4testens 09:30 Uhr<\/strong><\/p>\n<p>Unsere Lieferzeiten: t\u00e4glich von 10:30 \u2013 13:30 Uhr<\/p>\n<p>Laden\u00f6ffnungszeit: t\u00e4glich von 09:30 \u2013 13:30 Uhr<\/p>\n<p>Direkte Mitnahme der Gerichte im Ladengesch\u00e4ft von 10:30 \u2013 13:30 Uhr<\/p>\n<p>&nbsp;<\/p>\n<p><b>Sollte Ihnen ein Gericht nicht zusagen? Kein Problem \u2013\u00a0 sprechen Sie uns an!<\/b><\/p>\n<p>&nbsp;<\/p>\n<p>&nbsp;<\/p>\n<p>Kennzeichnung der Fleischsorten<br \/>\nS=\u00a0Schwein, R=Rind, K=Kalb, G=Gefl\u00fcgel, L=Lamm, W=Wild, F=Fisch<\/p>\n","protected":false},"excerpt":{"rendered":"<p>&nbsp; Unser Mittagstisch am Donnerstag, 30.05.2019: &nbsp; Bauernfr\u00fchst\u00fcck (S) mit Gew\u00fcrzgurke G,15 Bitte w\u00e4hlen sie oben den entsprechenden Wochentag aus &nbsp; Unser Motto: Lecker &amp; Bequem. &nbsp; Bereits ab einer Portion liefern wir frei Haus. &nbsp; Liefergebiet: Neum\u00fcnster und Umgebung &nbsp; Bestellungen bis sp\u00e4testens 09:30 Uhr Unsere Lieferzeiten: t\u00e4glich von 10:30 \u2013 13:30 Uhr Laden\u00f6ffnungszeit: t\u00e4glich von 09:30 \u2013 13:30 [&hellip;]<\/p>\n","protected":false},"featured_media":304,"template":"","meta":[],"pwb-brand":[],"product_brand":[],"product_cat":[21,42],"product_tag":[],"class_list":{"0":"post-1395","1":"product","2":"type-product","3":"status-publish","4":"has-post-thumbnail","6":"product_cat-mittagstisch","7":"product_cat-taeglich-vorraetig","9":"first","10":"instock","11":"taxable","12":"shipping-taxable","13":"purchasable","14":"product-type-variable"},"brands":[],"_links":{"self":[{"href":"https:\/\/unser-mittagstisch.com\/index.php?rest_route=\/wp\/v2\/product\/1395","targetHints":{"allow":["GET"]}}],"collection":[{"href":"https:\/\/unser-mittagstisch.com\/index.php?rest_route=\/wp\/v2\/product"}],"about":[{"href":"https:\/\/unser-mittagstisch.com\/index.php?rest_route=\/wp\/v2\/types\/product"}],"wp:featuredmedia":[{"embeddable":true,"href":"https:\/\/unser-mittagstisch.com\/index.php?rest_route=\/wp\/v2\/media\/304"}],"wp:attachment":[{"href":"https:\/\/unser-mittagstisch.com\/index.php?rest_route=%2Fwp%2Fv2%2Fmedia&parent=1395"}],"wp:term":[{"taxonomy":"pwb-brand","embeddable":true,"href":"https:\/\/unser-mittagstisch.com\/index.php?rest_route=%2Fwp%2Fv2%2Fpwb-brand&post=1395"},{"taxonomy":"product_brand","embeddable":true,"href":"https:\/\/unser-mittagstisch.com\/index.php?rest_route=%2Fwp%2Fv2%2Fproduct_brand&post=1395"},{"taxonomy":"product_cat","embeddable":true,"href":"https:\/\/unser-mittagstisch.com\/index.php?rest_route=%2Fwp%2Fv2%2Fproduct_cat&post=1395"},{"taxonomy":"product_tag","embeddable":true,"href":"https:\/\/unser-mittagstisch.com\/index.php?rest_route=%2Fwp%2Fv2%2Fproduct_tag&post=1395"}],"curies":[{"name":"wp","href":"https:\/\/api.w.org\/{rel}","templated":true}]}}