{"id":4003,"date":"2026-05-03T07:05:19","date_gmt":"2026-05-03T05:05:19","guid":{"rendered":"https:\/\/unser-mittagstisch.com\/?post_type=product&#038;p=4003"},"modified":"2026-05-03T12:19:27","modified_gmt":"2026-05-03T10:19:27","slug":"sa-2-3-rostbratwurst-s-mit-bratkartoffeln","status":"publish","type":"product","link":"https:\/\/unser-mittagstisch.com\/?product=sa-2-3-rostbratwurst-s-mit-bratkartoffeln","title":{"rendered":"Fr. 8.5. Rostbratwurst (S) in Zwiebelsauce, dazu Gem\u00fcse und Salzkartoffeln"},"content":{"rendered":"<p>&nbsp;<\/p>\n<p><span style=\"font-size: 14pt;\">Unser Mittagstisch am Freitag, 08.05.2026:<\/span><\/p>\n<p>&nbsp;<\/p>\n<p><span style=\"color: #bb0000; font-family: book antiqua, palatino, serif;\"><span style=\"font-size: 24px;\"><b>Rostbratwurst (S) in Zwiebelsauce, dazu Gem\u00fcse<\/b><\/span><\/span><\/p>\n<p><span style=\"color: #bb0000; font-family: book antiqua, palatino, serif;\"><span style=\"font-size: 24px;\"><b> und Salzkartoffeln<\/b><\/span><\/span><span style=\"color: #bb0000; font-family: book antiqua, palatino, serif;\"><span style=\"font-size: 24px;\"><b> <\/b><span style=\"font-size: 14pt;\"><sup>G<\/sup><\/span><\/span><\/span><\/p>\n<p>&nbsp;<\/p>\n<p><strong>Unser Motto: Lecker &amp; Bequem.<\/strong><\/p>\n<p>&nbsp;<\/p>\n<p>Bereits ab einer Portion liefern wir frei Haus.<\/p>\n<p>&nbsp;<\/p>\n<p>Liefergebiet: Neum\u00fcnster und Umgebung<\/p>\n<p>&nbsp;<\/p>\n<p><strong>Bestellungen bis sp\u00e4testens 09:30 Uhr<\/strong><\/p>\n<p>Unsere Lieferzeiten: t\u00e4glich von 10:30 \u2013 13:30 Uhr<\/p>\n<p>Laden\u00f6ffnungszeit: t\u00e4glich von 09:30 \u2013 13:30 Uhr<\/p>\n<p>Direkte Mitnahme der Gerichte im Ladengesch\u00e4ft von 10:30 \u2013 13:30 Uhr<\/p>\n<p>&nbsp;<\/p>\n<p><b>Sollte Ihnen ein Gericht nicht zusagen? Kein Problem \u2013\u00a0 sprechen Sie uns an!<\/b><\/p>\n<p>&nbsp;<\/p>\n<p>&nbsp;<\/p>\n<p>Kennzeichnung der Fleischsorten<br \/>\nS=\u00a0Schwein, R=Rind, K=Kalb, G=Gefl\u00fcgel, L=Lamm, W=Wild, F=Fisch<\/p>\n","protected":false},"excerpt":{"rendered":"<p>&nbsp; Unser Mittagstisch am Freitag, 08.05.2026: &nbsp; Rostbratwurst (S) in Zwiebelsauce, dazu Gem\u00fcse und Salzkartoffeln G &nbsp; Unser Motto: Lecker &amp; Bequem. &nbsp; Bereits ab einer Portion liefern wir frei Haus. &nbsp; Liefergebiet: Neum\u00fcnster und Umgebung &nbsp; Bestellungen bis sp\u00e4testens 09:30 Uhr Unsere Lieferzeiten: t\u00e4glich von 10:30 \u2013 13:30 Uhr Laden\u00f6ffnungszeit: t\u00e4glich von 09:30 \u2013 13:30 Uhr Direkte Mitnahme der [&hellip;]<\/p>\n","protected":false},"featured_media":304,"template":"","meta":[],"pwb-brand":[],"product_brand":[],"product_cat":[21],"product_tag":[],"class_list":{"0":"post-4003","1":"product","2":"type-product","3":"status-publish","4":"has-post-thumbnail","6":"product_cat-mittagstisch","8":"first","9":"instock","10":"featured","11":"taxable","12":"shipping-taxable","13":"purchasable","14":"product-type-simple"},"brands":[],"_links":{"self":[{"href":"https:\/\/unser-mittagstisch.com\/index.php?rest_route=\/wp\/v2\/product\/4003","targetHints":{"allow":["GET"]}}],"collection":[{"href":"https:\/\/unser-mittagstisch.com\/index.php?rest_route=\/wp\/v2\/product"}],"about":[{"href":"https:\/\/unser-mittagstisch.com\/index.php?rest_route=\/wp\/v2\/types\/product"}],"wp:featuredmedia":[{"embeddable":true,"href":"https:\/\/unser-mittagstisch.com\/index.php?rest_route=\/wp\/v2\/media\/304"}],"wp:attachment":[{"href":"https:\/\/unser-mittagstisch.com\/index.php?rest_route=%2Fwp%2Fv2%2Fmedia&parent=4003"}],"wp:term":[{"taxonomy":"pwb-brand","embeddable":true,"href":"https:\/\/unser-mittagstisch.com\/index.php?rest_route=%2Fwp%2Fv2%2Fpwb-brand&post=4003"},{"taxonomy":"product_brand","embeddable":true,"href":"https:\/\/unser-mittagstisch.com\/index.php?rest_route=%2Fwp%2Fv2%2Fproduct_brand&post=4003"},{"taxonomy":"product_cat","embeddable":true,"href":"https:\/\/unser-mittagstisch.com\/index.php?rest_route=%2Fwp%2Fv2%2Fproduct_cat&post=4003"},{"taxonomy":"product_tag","embeddable":true,"href":"https:\/\/unser-mittagstisch.com\/index.php?rest_route=%2Fwp%2Fv2%2Fproduct_tag&post=4003"}],"curies":[{"name":"wp","href":"https:\/\/api.w.org\/{rel}","templated":true}]}}