{"id":826,"date":"2019-02-26T08:35:27","date_gmt":"2019-02-26T07:35:27","guid":{"rendered":"http:\/\/unser-mittagstisch.com\/?post_type=product&#038;p=826"},"modified":"2024-01-05T11:20:37","modified_gmt":"2024-01-05T10:20:37","slug":"fr-01-03-rollmops-f-mit-bratkartoffeln","status":"publish","type":"product","link":"https:\/\/unser-mittagstisch.com\/?product=fr-01-03-rollmops-f-mit-bratkartoffeln","title":{"rendered":"Rollmops (F) mit Bratkartoffeln <span class=\"soon\">(Bald wieder erh\u00e4ltlich)<\/span>"},"content":{"rendered":"<p>&nbsp;<\/p>\n<p><span style=\"font-size: 14pt;\">Unser Mittagstisch am Freitag, 01.03.2019:<\/span><\/p>\n<p>&nbsp;<\/p>\n<p><span style=\"font-family: 'book antiqua', palatino, serif; font-size: 18pt; color: #bb0000;\"><b>Rollmops (F) mit Bratkartoffeln<\/b><\/span><span style=\"font-family: 'book antiqua', palatino, serif; font-size: 18pt; color: #bb0000;\"><b>\u00a0<\/b><sup>d,g,j,9<\/sup><\/span><\/p>\n<p>&nbsp;<\/p>\n<p><strong>Unser Motto: Lecker &amp; Bequem.<\/strong><\/p>\n<p>&nbsp;<\/p>\n<p>Bereits ab einer Portion liefern wir frei Haus.<\/p>\n<p>&nbsp;<\/p>\n<p>Liefergebiet: Neum\u00fcnster und Umgebung<\/p>\n<p>&nbsp;<\/p>\n<p><strong>Bestellungen bis sp\u00e4testens 09:30 Uhr<\/strong><\/p>\n<p>Unsere Lieferzeiten: t\u00e4glich von 10:30 \u2013 13:30 Uhr<\/p>\n<p>Laden\u00f6ffnungszeit: t\u00e4glich von 09:30 \u2013 13:30 Uhr<\/p>\n<p>Direkte Mitnahme der Gerichte im Ladengesch\u00e4ft von 10:30 \u2013 13:30 Uhr<\/p>\n<p>&nbsp;<\/p>\n<p><b>Sollte Ihnen ein Gericht nicht zusagen? Kein Problem \u2013\u00a0 sprechen Sie uns an!<\/b><\/p>\n<p>&nbsp;<\/p>\n<p> \u00a0   <\/p>\n<p>&nbsp;<\/p>\n<p>Kennzeichnung der Fleischsorten<br \/>\nS=\u00a0Schwein, R=Rind, K=Kalb, G=Gefl\u00fcgel, L=Lamm, W=Wild, F=Fisch<\/p>\n","protected":false},"excerpt":{"rendered":"<p>&nbsp; Unser Mittagstisch am Freitag, 01.03.2019: &nbsp; Rollmops (F) mit Bratkartoffeln\u00a0d,g,j,9 &nbsp; Unser Motto: Lecker &amp; Bequem. &nbsp; Bereits ab einer Portion liefern wir frei Haus. &nbsp; Liefergebiet: Neum\u00fcnster und Umgebung &nbsp; Bestellungen bis sp\u00e4testens 09:30 Uhr Unsere Lieferzeiten: t\u00e4glich von 10:30 \u2013 13:30 Uhr Laden\u00f6ffnungszeit: t\u00e4glich von 09:30 \u2013 13:30 Uhr Direkte Mitnahme der Gerichte im Ladengesch\u00e4ft von 10:30 [&hellip;]<\/p>\n","protected":false},"featured_media":304,"template":"","meta":[],"pwb-brand":[],"product_brand":[],"product_cat":[21],"product_tag":[],"class_list":{"0":"post-826","1":"product","2":"type-product","3":"status-publish","4":"has-post-thumbnail","6":"product_cat-mittagstisch","8":"first","9":"instock","10":"taxable","11":"shipping-taxable","12":"purchasable","13":"product-type-simple"},"brands":[],"_links":{"self":[{"href":"https:\/\/unser-mittagstisch.com\/index.php?rest_route=\/wp\/v2\/product\/826","targetHints":{"allow":["GET"]}}],"collection":[{"href":"https:\/\/unser-mittagstisch.com\/index.php?rest_route=\/wp\/v2\/product"}],"about":[{"href":"https:\/\/unser-mittagstisch.com\/index.php?rest_route=\/wp\/v2\/types\/product"}],"wp:featuredmedia":[{"embeddable":true,"href":"https:\/\/unser-mittagstisch.com\/index.php?rest_route=\/wp\/v2\/media\/304"}],"wp:attachment":[{"href":"https:\/\/unser-mittagstisch.com\/index.php?rest_route=%2Fwp%2Fv2%2Fmedia&parent=826"}],"wp:term":[{"taxonomy":"pwb-brand","embeddable":true,"href":"https:\/\/unser-mittagstisch.com\/index.php?rest_route=%2Fwp%2Fv2%2Fpwb-brand&post=826"},{"taxonomy":"product_brand","embeddable":true,"href":"https:\/\/unser-mittagstisch.com\/index.php?rest_route=%2Fwp%2Fv2%2Fproduct_brand&post=826"},{"taxonomy":"product_cat","embeddable":true,"href":"https:\/\/unser-mittagstisch.com\/index.php?rest_route=%2Fwp%2Fv2%2Fproduct_cat&post=826"},{"taxonomy":"product_tag","embeddable":true,"href":"https:\/\/unser-mittagstisch.com\/index.php?rest_route=%2Fwp%2Fv2%2Fproduct_tag&post=826"}],"curies":[{"name":"wp","href":"https:\/\/api.w.org\/{rel}","templated":true}]}}